{"id":5057,"date":"2013-04-02T16:56:17","date_gmt":"2013-04-02T19:56:17","guid":{"rendered":"https:\/\/www.encontrabelavista.com.br\/avenida-paulista\/?page_id=5057"},"modified":"2025-11-26T12:39:44","modified_gmt":"2025-11-26T15:39:44","slug":"sobre-a-avenida-paulista","status":"publish","type":"page","link":"https:\/\/www.encontrabelavista.com.br\/avenida-paulista\/sobre-a-avenida-paulista\/","title":{"rendered":"Sobre a Avenida Paulista"},"content":{"rendered":"<p><img decoding=\"async\" style=\"padding-right: 10px;\" title=\"Avenida Paulista no Jardins\" src=\"http:\/\/www.encontrajardins.com.br\/imgs\/imagens-jardins\/avenida-paulista-carros.jpg\" alt=\"\" width=\"98%\" \/><\/p>\n<p>A\u00a0<a title=\"Encontra Avenida Paulista\" href=\"https:\/\/www.encontrabelavista.com.br\/avenida-paulista\/\">Avenida Paulista<\/a>\u00a0\u00e9 um dos logradouros mais importantes da\u00a0<a title=\"cidade de S\u00e3o Paulo\" href=\"http:\/\/www.cidadedesp.com.br\/\">cidade de S\u00e3o Paulo<\/a>, a capital do estado hom\u00f4nimo.<\/p>\n<p>Considerada um dos principais centros financeiros da cidade, assim como tamb\u00e9m um dos seus pontos tur\u00edsticos mais caracter\u00edsticos, a avenida revela sua import\u00e2ncia n\u00e3o s\u00f3 como p\u00f3lo econ\u00f4mico, mas tamb\u00e9m como centralidade cultural e de entretenimento.<\/p>\n<p>Devido \u00e0 grande quantidade de sedes de empresas, bancos, hot\u00e9is, Hospitais e institui\u00e7\u00f5es culturais, como o\u00a0<a title=\"MASP\" href=\"http:\/\/www.encontrajardins.com.br\/jardins\/masp-no-jardins.shtml\">MASP<\/a>, movimentam-se diariamente pela avenida Paulista milhares de pessoas oriundas de todas as regi\u00f5es da cidade e de fora dela.<\/p>\n<p>Al\u00e9m disso,a avenida \u00e9 um importante eixo vi\u00e1rio da cidade ligando importantes avenidas como a Dr. Arnaldo, a\u00a0<a title=\"Rebou\u00e7as no Jardins\" href=\"http:\/\/www.encontrajardins.com.br\/jardins\/avenida-reboucas-no-jardins.shtml\">Rebou\u00e7as<\/a>, a 9 de Julho, a\u00a0<a title=\"Brigadeiro Lu\u00eds Ant\u00f4nio no Jardins\" href=\"http:\/\/www.encontrajardins.com.br\/jardins\/avenida-brigadeiro-luis-antonio-no-jardins.shtml\">Brigadeiro Lu\u00eds Ant\u00f4nio<\/a>, a 23 de Maio e a rua da Consola\u00e7\u00e3o.<\/p>\n<h2>Hist\u00f3ria<\/h2>\n<p><img loading=\"lazy\" decoding=\"async\" style=\"padding-right: 10px;\" title=\"Avenida Paulista no Jardins\" src=\"http:\/\/www.encontrajardins.com.br\/imgs\/imagens-jardins\/avenida-paulista-1976.jpg\" alt=\"\" width=\"300\" height=\"214\" align=\"left\" \/>A avenida foi criada no final do s\u00e9culo XIX a partir do desejo de paulistas em expandir na cidade novas \u00e1reas residenciais que n\u00e3o estivessem localizadas imediatamente pr\u00f3xima \u00e0s mais movimentadas centralidades do per\u00edodo, por essa \u00e9poca altamente valorizadas e totalmente ocupadas, tais como a\u00a0<a title=\"Pra\u00e7a da Rep\u00fablica no Centro\" href=\"http:\/\/www.encontracentrosaopaulo.com.br\/centro-sp\/praca-da-republica-no-centro.shtml\">Pra\u00e7a da Rep\u00fablica,<\/a>\u00a0o bairro de\u00a0<a title=\"Higien\u00f3polis\" href=\"http:\/\/www.encontrahigienopolis.com.br\/\" target=\"_blank\" rel=\"noopener noreferrer\">Higien\u00f3polis<\/a>\u00a0e os Campos El\u00edsios.<\/p>\n<p>A\u00a0<a title=\"Avenida Paulista no Jardins\" href=\"http:\/\/www.encontrajardins.com.br\/jardins\/avenida-paulista-no-jardins.shtml\">Avenida Paulista<\/a>\u00a0foi inaugurada no dia 8 de dezembro de 1891, por iniciativa do engenheiro Joaquim Eug\u00eanio de Lima, para abrigar paulistas que desejavam adquirir seu espa\u00e7o na cidade.Naquela \u00e9poca, houve grande expans\u00e3o imobili\u00e1ria em terrenos de antigas fazendas e \u00e1reas devolutas, o que deu in\u00edcio a um per\u00edodo de grande crescimento.As novas ruas seguiam projetos desenvolvidos por engenheiros renomados, e nas \u00e1reas mais pr\u00f3ximas \u00e0 avenida e a seu parque central os terrenos eram naturalmente mais caros que nas \u00e1reas mais afastadas; n\u00e3o havia apenas resid\u00eancias de maior porte, mas tamb\u00e9m habita\u00e7\u00f5es populares, casebres e at\u00e9 mesmo cocheiras em toda a regi\u00e3o circundante (vide mem\u00f3rias de Lucia Salles).Algum tempo ap\u00f3s a constru\u00e7\u00e3o da avenida foram aprovadas leis que desviavam o tr\u00e1fego de muares e animais de carga devido ao grande volume de excremento depositado na via carro\u00e7\u00e1vel e \u00e0 impossibilidade de o poder p\u00fablico mant\u00ea-la limpa; logo, o tr\u00e1fego foi desviado para a rua que ladeia a avenida Paulista e hoje \u00e9 a Alameda Santos, sendo autorizado apenas em hor\u00e1rios pr\u00e9-estabelecidos. Seu nome seria avenida das Ac\u00e1cias ou Prado de S\u00e3o Paulo, mas Lima declarou: &#8220;Ser\u00e1 avenida Paulista, em homenagem aos paulistas&#8221;.No fim do anos 20, seu nome foi alterado para avenida Carlos de Campos, homenageando o ex-presidente do estado, mas a rea\u00e7\u00e3o da sociedade fez com que a avenida voltasse a ter o nome com o qual foi criada e \u00e9 conhecida at\u00e9 os dias de hoje.<\/p>\n<p>A\u00a0<strong>Avenida Paulista<\/strong>\u00a0foi aberta seguindo padr\u00f5es urban\u00edsticos relativamente novos para a \u00e9poca: seus palacetes possu\u00edam regras de implanta\u00e7\u00e3o que, como conjunto, caracterizaram uma ruptura com os tecidos urbanos tradicionais.<\/p>\n<p>Os novos palacetes incorporavam os elementos da arquitetura ecl\u00e9tica (tornando a avenida uma esp\u00e9cie de museu de estilos arquitet\u00f4nicos de per\u00edodos e lugares diversos) e dos novos empreendimentos norte-americanos:<\/p>\n<p>estavam todos isolados no meio dos lotes nos quais se implantavam, configurando um tecido urbano, diferente do restante da cidade, que alinhava a fachada das edifica\u00e7\u00f5es com a testada do terreno. Isso fez com que a avenida possu\u00edsse uma amplid\u00e3o espacial in\u00e9dita na cidade.<\/p>\n<p>A\u00a0<strong>Avenida Paulista nos jardins<\/strong>\u00a0foi a primeira via p\u00fablica asfaltada de S\u00e3o Paulo, em 1909, com material importado da Alemanha, uma novidade at\u00e9 na Europa e nos Estados Unidos.<\/p>\n<p><img decoding=\"async\" title=\"Avenida Paulista no Jardins\" src=\"http:\/\/www.encontrajardins.com.br\/imgs\/imagens-jardins\/avenida-paulista-pb.jpg\" alt=\"\" width=\"98%\" \/><\/p>\n<h2>A avenida Paulista atualmente.<\/h2>\n<p>Esse perfil estritamente residencial da avenida permaneceu at\u00e9 meados da d\u00e9cada de 1950, quando o desenvolvimento econ\u00f4mico da cidade levava os novos empreendimentos comerciais e de servi\u00e7os para regi\u00f5es afastadas do seu centro hist\u00f3rico. Em pouco tempo, praticamente, todos os palacetes da avenida tinham sido vendidos e substitu\u00eddos por pequenos pr\u00e9dios de escrit\u00f3rios e com\u00e9rcio.<\/p>\n<p>&nbsp;<\/p>\n<p>Durante as d\u00e9cadas de 60 e 70, por\u00e9m, e seguindo as diretrizes das novas legisla\u00e7\u00f5es de uso e ocupa\u00e7\u00e3o do solo, e a valoriza\u00e7\u00e3o dos im\u00f3veis incentivada pela especula\u00e7\u00e3o imobili\u00e1ria, come\u00e7aram a surgir naquele local os seus agora caracter\u00edsticos &#8220;espig\u00f5es&#8221; &#8211; edif\u00edcios de escrit\u00f3rios com 30 andares em m\u00e9dia.<\/p>\n<p>Durante esse per\u00edodo, a avenida passou por uma profunda reforma paisag\u00edstica. Os leitos destinados aos ve\u00edculos foram alargados e criaram-se os atuais cal\u00e7ad\u00f5es, caracterizados por um desenho branco e preto formado por mosaico portugu\u00eas. O projeto de redesenho da avenida ficou a cargo do escrit\u00f3rio da arquiteta-paisagista Rosa Grena Kliass, enquanto o projeto do novo mobili\u00e1rio urbano da avenida foi assinado pelo escrit\u00f3rio Ludovico &amp; Martino.<\/p>\n<h2>Caracter\u00edsticas<\/h2>\n<p>A\u00a0<a title=\"Avenida Paulista no Jardins\" href=\"http:\/\/www.encontrajardins.com.br\/jardins\/avenida-paulista-no-jardins.shtml\">Avenida Paulista<\/a>\u00a0possui muitos restaurantes que recebem diariamente milhares de pessoas que moram e trabalham na regi\u00e3o. Nela se localiza o famoso MASP e tamb\u00e9m o\u00a0<a title=\"Parque Trianon\" href=\"http:\/\/www.encontrajardins.com.br\/jardins\/parque-do-trianon-no-jardins.shtml\">parque Trianon<\/a>.<\/p>\n<p><img loading=\"lazy\" decoding=\"async\" title=\"Avenida Paulista no Jardins\" src=\"http:\/\/www.encontrajardins.com.br\/imgs\/imagens-jardins\/avenida-paulista2.jpg\" alt=\"\" width=\"212\" height=\"282\" align=\"left\" \/><br \/>\nPossui faixas largas para pedestres e a linha 2 do metr\u00f4 serve a avenida inteira com a\u00a0<a title=\"Esta\u00e7\u00e3o Consola\u00e7\u00e3o do Metr\u00f4\" href=\"http:\/\/www.encontraconsolacao.com.br\/consolacao\/estacao-metro-consolacao.shtml\">Esta\u00e7\u00e3o Consola\u00e7\u00e3o do Metr\u00f4<\/a>,\u00a0<a title=\"Esta\u00e7\u00e3o Trianon do Metr\u00f4\" href=\"http:\/\/www.encontrajardins.com.br\/jardins\/estacao-de-metro-trianon-masp.shtml\">Esta\u00e7\u00e3o Trianon do Metr\u00f4<\/a>\u00a0e<a title=\"Esta\u00e7\u00e3o Brigadeiro do Metr\u00f4\" href=\"http:\/\/www.encontrabelavista.com.br\/bela-vista\/estacao-brigadeiro-na-bela-vista.shtml\">Esta\u00e7\u00e3o Brigadeiro do Metr\u00f4<\/a>. Tem o edif\u00edcio da FIESP, que tamb\u00e9m abriga o Sesi, que, por sua vez, possui um teatro para apresenta\u00e7\u00f5es gratuitas e uma biblioteca com um acervo vasto e muitos livros novos, permitindo o empr\u00e9stimo gratuito \u00e0 qualquer pessoa que leve um comprovante de endere\u00e7o.<\/p>\n<p>\u00c9 famosa tamb\u00e9m a antena do pr\u00e9dio da Funda\u00e7\u00e3o C\u00e1sper L\u00edbero.<\/p>\n<p>\u00c9 a maior e mais alta da Paulista e chama a aten\u00e7\u00e3o devido \u00e0 sua ilumina\u00e7\u00e3o amarelada.<br \/>\nNo seu conjunto arquitet\u00f4nico, possuia v\u00e1rios casar\u00f5es dos Bar\u00f5es do caf\u00e9. Poucos casar\u00f5es ficaram, como \u00e9 o caso da Casa das Rosas, que hoje \u00e9 p\u00fablico, tem uma biblioteca e oferece exposi\u00e7\u00f5es e lan\u00e7amentos de livros.O mesmo pr\u00e9dio tamb\u00e9m \u00e9 famoso por suas escadarias, pelo Teatro Gazeta, pela sede da TV Gazeta, da R\u00e1dio Gazeta FM, da Faculdade C\u00e1sper L\u00edbero e pelo\u00a0<a title=\"Cinema Rserva Cultural\" href=\"http:\/\/www.encontrabelavista.com.br\/bela-vista\/reserva-cultural-na-bela-vista.shtml\">cinema Reserva Cultural<\/a>.<\/p>\n<p><img decoding=\"async\" style=\"padding-right: 10px;\" title=\"Avenida Paulista no Jardins\" src=\"http:\/\/www.encontrajardins.com.br\/imgs\/imagens-jardins\/avenida-paulista-colorida.jpg\" alt=\"\" width=\"98%\" \/><\/p>\n<h2>Curiosidades<\/h2>\n<p>\u2022 O\u00a0<a title=\"Museu de Arte de S\u00e3o Paulo\" href=\"http:\/\/www.encontrajardins.com.br\/jardins\/masp-no-jardins.shtml\">Museu de Arte de S\u00e3o Paulo<\/a>\u00a0foi para a nova sede em 7 de novembro de 1968, sendo inaugurada pela rainha do Reino Unido, Elisabete II, na presen\u00e7a do ent\u00e3o governador Roberto Costa de Abreu Sodr\u00e9 e dona Maria do Carmo de Abreu Sodr\u00e9.<\/p>\n<p>\u2022 O desfile comemorativo do Sesquicenten\u00e1rio da Independ\u00eancia do Brasil, em 7 de setembro de 1972, foi realizado com muita pompa na avenida Paulista.<\/p>\n<p>\u2022 Inc\u00eandio no Edif\u00edcio Grande Avenida em 1981.<\/p>\n<p>\u2022 Com 200 mil moradores, se a avenida fosse uma cidade, estaria entre as 150 maiores do Brasil, pr\u00f3xima de cidades como Praia Grande (244.533) e Boa Vista (249.853).<\/p>\n<p>\u2022 Todos anos s\u00e3o realizadas as festas de r\u00e9veillon na avenida. Na virada para 2009, foram cerca de 2,4 milh\u00f5es de pessoas, com shows de Saia Rodada, Babado Novo, KLB, Daniel, Skank e escola de samba Vai-Vai. Foram mais de 15 minutos de espet\u00e1culo com fogos de artif\u00edcio, os quais foram lan\u00e7ados de dois edif\u00edcios da avenida, cruzando-se no ar e formando um portal de luz para o in\u00edcio do ano de 2009.<\/p>\n<p>Para saber mais, acesse o site sobre a\u00a0<a title=\"Encontra Avenida Paulista\" href=\"https:\/\/www.encontrabelavista.com.br\/avenida-paulista\/\">Avenida Paulista<\/a><\/p>\n<h3><\/h3>\n<p>Fonte: <a title=\"Encontra S\u00e3o Paulo - Guia de Bairros e Com\u00e9rcios em S\u00e3o Paulo\" href=\"https:\/\/www.encontrasaopaulo.com.br\/\" target=\"_blank\" rel=\"noopener noreferrer\">www.encontrasaopaulo.com.br<\/a><\/p>\n","protected":false},"excerpt":{"rendered":"<p>A\u00a0Avenida Paulista\u00a0\u00e9 um dos logradouros mais importantes da\u00a0cidade de S\u00e3o Paulo, a capital do estado hom\u00f4nimo. Considerada um dos principais centros financeiros da cidade, assim como tamb\u00e9m um dos seus pontos tur\u00edsticos mais caracter\u00edsticos, a avenida revela sua import\u00e2ncia n\u00e3o s\u00f3 como p\u00f3lo econ\u00f4mico, mas tamb\u00e9m como centralidade cultural e de entretenimento. Devido \u00e0 grande quantidade de sedes de empresas, bancos, hot\u00e9is, Hospitais e institui\u00e7\u00f5es culturais, como o\u00a0MASP, movimentam-se diariamente pela avenida Paulista milhares de pessoas oriundas de todas as regi\u00f5es da cidade e de fora dela. Al\u00e9m disso,a avenida \u00e9 um importante eixo vi\u00e1rio da cidade ligando importantes avenidas <\/p>\n","protected":false},"author":1,"featured_media":0,"parent":0,"menu_order":0,"comment_status":"open","ping_status":"open","template":"tpl_sobre_noticias.php","meta":{"footnotes":""},"class_list":["post-5057","page","type-page","status-publish","hentry"],"yoast_head":"<!-- This site is optimized with the Yoast SEO plugin v26.4 - https:\/\/yoast.com\/wordpress\/plugins\/seo\/ -->\n<title>Sobre a Avenida Paulista - Encontra Avenida Paulista<\/title>\n<meta name=\"robots\" content=\"index, follow, max-snippet:-1, max-image-preview:large, max-video-preview:-1\" \/>\n<link rel=\"canonical\" href=\"https:\/\/www.encontrabelavista.com.br\/avenida-paulista\/sobre-a-avenida-paulista\/\" \/>\n<meta property=\"og:locale\" content=\"pt_BR\" \/>\n<meta property=\"og:type\" content=\"article\" \/>\n<meta property=\"og:title\" content=\"Sobre a Avenida Paulista - Encontra Avenida Paulista\" \/>\n<meta property=\"og:description\" content=\"A\u00a0Avenida Paulista\u00a0\u00e9 um dos logradouros mais importantes da\u00a0cidade de S\u00e3o Paulo, a capital do estado hom\u00f4nimo. Considerada um dos principais centros financeiros da cidade, assim como tamb\u00e9m um dos seus pontos tur\u00edsticos mais caracter\u00edsticos, a avenida revela sua import\u00e2ncia n\u00e3o s\u00f3 como p\u00f3lo econ\u00f4mico, mas tamb\u00e9m como centralidade cultural e de entretenimento. Devido \u00e0 grande quantidade de sedes de empresas, bancos, hot\u00e9is, Hospitais e institui\u00e7\u00f5es culturais, como o\u00a0MASP, movimentam-se diariamente pela avenida Paulista milhares de pessoas oriundas de todas as regi\u00f5es da cidade e de fora dela. Al\u00e9m disso,a avenida \u00e9 um importante eixo vi\u00e1rio da cidade ligando importantes avenidas\" \/>\n<meta property=\"og:url\" content=\"https:\/\/www.encontrabelavista.com.br\/avenida-paulista\/sobre-a-avenida-paulista\/\" \/>\n<meta property=\"og:site_name\" content=\"Encontra Avenida Paulista\" \/>\n<meta property=\"article:modified_time\" content=\"2025-11-26T15:39:44+00:00\" \/>\n<meta property=\"og:image\" content=\"http:\/\/www.encontrajardins.com.br\/imgs\/imagens-jardins\/avenida-paulista-carros.jpg\" \/>\n<meta name=\"twitter:card\" content=\"summary_large_image\" \/>\n<meta name=\"twitter:label1\" content=\"Est. tempo de leitura\" \/>\n\t<meta name=\"twitter:data1\" content=\"8 minutos\" \/>\n<script type=\"application\/ld+json\" class=\"yoast-schema-graph\">{\"@context\":\"https:\/\/schema.org\",\"@graph\":[{\"@type\":\"WebPage\",\"@id\":\"https:\/\/www.encontrabelavista.com.br\/avenida-paulista\/sobre-a-avenida-paulista\/\",\"url\":\"https:\/\/www.encontrabelavista.com.br\/avenida-paulista\/sobre-a-avenida-paulista\/\",\"name\":\"Sobre a Avenida Paulista - Encontra Avenida Paulista\",\"isPartOf\":{\"@id\":\"https:\/\/www.encontrabelavista.com.br\/avenida-paulista\/#website\"},\"primaryImageOfPage\":{\"@id\":\"https:\/\/www.encontrabelavista.com.br\/avenida-paulista\/sobre-a-avenida-paulista\/#primaryimage\"},\"image\":{\"@id\":\"https:\/\/www.encontrabelavista.com.br\/avenida-paulista\/sobre-a-avenida-paulista\/#primaryimage\"},\"thumbnailUrl\":\"http:\/\/www.encontrajardins.com.br\/imgs\/imagens-jardins\/avenida-paulista-carros.jpg\",\"datePublished\":\"2013-04-02T19:56:17+00:00\",\"dateModified\":\"2025-11-26T15:39:44+00:00\",\"breadcrumb\":{\"@id\":\"https:\/\/www.encontrabelavista.com.br\/avenida-paulista\/sobre-a-avenida-paulista\/#breadcrumb\"},\"inLanguage\":\"pt-BR\",\"potentialAction\":[{\"@type\":\"ReadAction\",\"target\":[\"https:\/\/www.encontrabelavista.com.br\/avenida-paulista\/sobre-a-avenida-paulista\/\"]}]},{\"@type\":\"ImageObject\",\"inLanguage\":\"pt-BR\",\"@id\":\"https:\/\/www.encontrabelavista.com.br\/avenida-paulista\/sobre-a-avenida-paulista\/#primaryimage\",\"url\":\"http:\/\/www.encontrajardins.com.br\/imgs\/imagens-jardins\/avenida-paulista-carros.jpg\",\"contentUrl\":\"http:\/\/www.encontrajardins.com.br\/imgs\/imagens-jardins\/avenida-paulista-carros.jpg\"},{\"@type\":\"BreadcrumbList\",\"@id\":\"https:\/\/www.encontrabelavista.com.br\/avenida-paulista\/sobre-a-avenida-paulista\/#breadcrumb\",\"itemListElement\":[{\"@type\":\"ListItem\",\"position\":1,\"name\":\"In\u00edcio\",\"item\":\"https:\/\/www.encontrabelavista.com.br\/avenida-paulista\/\"},{\"@type\":\"ListItem\",\"position\":2,\"name\":\"Sobre a Avenida Paulista\"}]},{\"@type\":\"WebSite\",\"@id\":\"https:\/\/www.encontrabelavista.com.br\/avenida-paulista\/#website\",\"url\":\"https:\/\/www.encontrabelavista.com.br\/avenida-paulista\/\",\"name\":\"Encontra Avenida Paulista\",\"description\":\"ENCONTRA AVENIDA PAULISTA - O guia comercial de neg\u00f3cios e empresas, cultura e divers\u00e3o na Avenida Paulista. Feito 100% para voc\u00ea morador!\",\"potentialAction\":[{\"@type\":\"SearchAction\",\"target\":{\"@type\":\"EntryPoint\",\"urlTemplate\":\"https:\/\/www.encontrabelavista.com.br\/avenida-paulista\/?s={search_term_string}\"},\"query-input\":{\"@type\":\"PropertyValueSpecification\",\"valueRequired\":true,\"valueName\":\"search_term_string\"}}],\"inLanguage\":\"pt-BR\"}]}<\/script>\n<!-- \/ Yoast SEO plugin. -->","yoast_head_json":{"title":"Sobre a Avenida Paulista - Encontra Avenida Paulista","robots":{"index":"index","follow":"follow","max-snippet":"max-snippet:-1","max-image-preview":"max-image-preview:large","max-video-preview":"max-video-preview:-1"},"canonical":"https:\/\/www.encontrabelavista.com.br\/avenida-paulista\/sobre-a-avenida-paulista\/","og_locale":"pt_BR","og_type":"article","og_title":"Sobre a Avenida Paulista - Encontra Avenida Paulista","og_description":"A\u00a0Avenida Paulista\u00a0\u00e9 um dos logradouros mais importantes da\u00a0cidade de S\u00e3o Paulo, a capital do estado hom\u00f4nimo. Considerada um dos principais centros financeiros da cidade, assim como tamb\u00e9m um dos seus pontos tur\u00edsticos mais caracter\u00edsticos, a avenida revela sua import\u00e2ncia n\u00e3o s\u00f3 como p\u00f3lo econ\u00f4mico, mas tamb\u00e9m como centralidade cultural e de entretenimento. Devido \u00e0 grande quantidade de sedes de empresas, bancos, hot\u00e9is, Hospitais e institui\u00e7\u00f5es culturais, como o\u00a0MASP, movimentam-se diariamente pela avenida Paulista milhares de pessoas oriundas de todas as regi\u00f5es da cidade e de fora dela. Al\u00e9m disso,a avenida \u00e9 um importante eixo vi\u00e1rio da cidade ligando importantes avenidas","og_url":"https:\/\/www.encontrabelavista.com.br\/avenida-paulista\/sobre-a-avenida-paulista\/","og_site_name":"Encontra Avenida Paulista","article_modified_time":"2025-11-26T15:39:44+00:00","og_image":[{"url":"http:\/\/www.encontrajardins.com.br\/imgs\/imagens-jardins\/avenida-paulista-carros.jpg","type":"","width":"","height":""}],"twitter_card":"summary_large_image","twitter_misc":{"Est. tempo de leitura":"8 minutos"},"schema":{"@context":"https:\/\/schema.org","@graph":[{"@type":"WebPage","@id":"https:\/\/www.encontrabelavista.com.br\/avenida-paulista\/sobre-a-avenida-paulista\/","url":"https:\/\/www.encontrabelavista.com.br\/avenida-paulista\/sobre-a-avenida-paulista\/","name":"Sobre a Avenida Paulista - Encontra Avenida Paulista","isPartOf":{"@id":"https:\/\/www.encontrabelavista.com.br\/avenida-paulista\/#website"},"primaryImageOfPage":{"@id":"https:\/\/www.encontrabelavista.com.br\/avenida-paulista\/sobre-a-avenida-paulista\/#primaryimage"},"image":{"@id":"https:\/\/www.encontrabelavista.com.br\/avenida-paulista\/sobre-a-avenida-paulista\/#primaryimage"},"thumbnailUrl":"http:\/\/www.encontrajardins.com.br\/imgs\/imagens-jardins\/avenida-paulista-carros.jpg","datePublished":"2013-04-02T19:56:17+00:00","dateModified":"2025-11-26T15:39:44+00:00","breadcrumb":{"@id":"https:\/\/www.encontrabelavista.com.br\/avenida-paulista\/sobre-a-avenida-paulista\/#breadcrumb"},"inLanguage":"pt-BR","potentialAction":[{"@type":"ReadAction","target":["https:\/\/www.encontrabelavista.com.br\/avenida-paulista\/sobre-a-avenida-paulista\/"]}]},{"@type":"ImageObject","inLanguage":"pt-BR","@id":"https:\/\/www.encontrabelavista.com.br\/avenida-paulista\/sobre-a-avenida-paulista\/#primaryimage","url":"http:\/\/www.encontrajardins.com.br\/imgs\/imagens-jardins\/avenida-paulista-carros.jpg","contentUrl":"http:\/\/www.encontrajardins.com.br\/imgs\/imagens-jardins\/avenida-paulista-carros.jpg"},{"@type":"BreadcrumbList","@id":"https:\/\/www.encontrabelavista.com.br\/avenida-paulista\/sobre-a-avenida-paulista\/#breadcrumb","itemListElement":[{"@type":"ListItem","position":1,"name":"In\u00edcio","item":"https:\/\/www.encontrabelavista.com.br\/avenida-paulista\/"},{"@type":"ListItem","position":2,"name":"Sobre a Avenida Paulista"}]},{"@type":"WebSite","@id":"https:\/\/www.encontrabelavista.com.br\/avenida-paulista\/#website","url":"https:\/\/www.encontrabelavista.com.br\/avenida-paulista\/","name":"Encontra Avenida Paulista","description":"ENCONTRA AVENIDA PAULISTA - O guia comercial de neg\u00f3cios e empresas, cultura e divers\u00e3o na Avenida Paulista. Feito 100% para voc\u00ea morador!","potentialAction":[{"@type":"SearchAction","target":{"@type":"EntryPoint","urlTemplate":"https:\/\/www.encontrabelavista.com.br\/avenida-paulista\/?s={search_term_string}"},"query-input":{"@type":"PropertyValueSpecification","valueRequired":true,"valueName":"search_term_string"}}],"inLanguage":"pt-BR"}]}},"_links":{"self":[{"href":"https:\/\/www.encontrabelavista.com.br\/avenida-paulista\/wp-json\/wp\/v2\/pages\/5057","targetHints":{"allow":["GET"]}}],"collection":[{"href":"https:\/\/www.encontrabelavista.com.br\/avenida-paulista\/wp-json\/wp\/v2\/pages"}],"about":[{"href":"https:\/\/www.encontrabelavista.com.br\/avenida-paulista\/wp-json\/wp\/v2\/types\/page"}],"author":[{"embeddable":true,"href":"https:\/\/www.encontrabelavista.com.br\/avenida-paulista\/wp-json\/wp\/v2\/users\/1"}],"replies":[{"embeddable":true,"href":"https:\/\/www.encontrabelavista.com.br\/avenida-paulista\/wp-json\/wp\/v2\/comments?post=5057"}],"version-history":[{"count":0,"href":"https:\/\/www.encontrabelavista.com.br\/avenida-paulista\/wp-json\/wp\/v2\/pages\/5057\/revisions"}],"wp:attachment":[{"href":"https:\/\/www.encontrabelavista.com.br\/avenida-paulista\/wp-json\/wp\/v2\/media?parent=5057"}],"curies":[{"name":"wp","href":"https:\/\/api.w.org\/{rel}","templated":true}]}}