{"id":5540,"date":"2017-04-26T14:55:35","date_gmt":"2017-04-26T17:55:35","guid":{"rendered":"https:\/\/www.encontrabelavista.com.br\/avenida-paulista\/?page_id=5540"},"modified":"2017-11-06T01:23:00","modified_gmt":"2017-11-06T03:23:00","slug":"classificados","status":"publish","type":"page","link":"https:\/\/www.encontrabelavista.com.br\/avenida-paulista\/classificados\/","title":{"rendered":"Classificados"},"content":{"rendered":"<h1 style=\"text-align: left;\">Classificados\u00a0Avenida Paulista<\/h1>\n<p>O\u00a0<a title=\"\" href=\"\/\">EncontraAvenidaPaulista<\/a>\u00a0acaba de lan\u00e7ar mais uma grande novidade para voc\u00ea, morador da cidade: o\u00a0<a title=\"Classificados\" href=\"\/classificados\/\">Classificados Avenida Paulista<\/a>.<\/p>\n<p>Diversas op\u00e7\u00f5es de categorias para divulga\u00e7\u00e3o gratuita de produtos novos, seminovos, usados, servi\u00e7os, im\u00f3veis, eventos, empregos e muito mais.<\/p>\n<h3><strong>Vantagens do site Classificados Avenida Paulista:<\/strong><\/h3>\n<ul>\n<li><em>Simples<\/em>, gratuito e f\u00e1cil; comprar, vender, alugar ou ofertar<\/li>\n<li>O seu an\u00fancio \u00e9 exibido diretamente para os\u00a0<em>moradores da regi\u00e3o<\/em><\/li>\n<li><em>Venda mais<\/em>: oportunidade de divulgar o seu neg\u00f3cio na sua regi\u00e3o<\/li>\n<\/ul>\n<p>Acesse &gt;\u00a0<a href=\"http:\/\/www.bom-negocio.com\/sp-r782525\" target=\"_blank\" rel=\"nofollow noopener noreferrer\">http:\/\/www.bom-negocio.com\/sp-r782525<\/a><\/p>\n<p><a href=\"http:\/\/www.bom-negocio.com\/sp-r782525\" target=\"_blank\" rel=\"nofollow noopener noreferrer\"><img loading=\"lazy\" decoding=\"async\" class=\"alignnone\" src=\"https:\/\/c1.staticflickr.com\/3\/2851\/33837099106_57de819689_o.gif\" alt=\"An\u00fancio Gr\u00e1tis Classificados\" width=\"304\" height=\"221\" \/><\/a><\/p>\n","protected":false},"excerpt":{"rendered":"<p>Classificados\u00a0Avenida Paulista O\u00a0EncontraAvenidaPaulista\u00a0acaba de lan\u00e7ar mais uma grande novidade para voc\u00ea, morador da cidade: o\u00a0Classificados Avenida Paulista. Diversas op\u00e7\u00f5es de categorias para divulga\u00e7\u00e3o gratuita de produtos novos, seminovos, usados, servi\u00e7os, im\u00f3veis, eventos, empregos e muito mais. Vantagens do site Classificados Avenida Paulista: Simples, gratuito e f\u00e1cil; comprar, vender, alugar ou ofertar O seu an\u00fancio \u00e9 exibido diretamente para os\u00a0moradores da regi\u00e3o Venda mais: oportunidade de divulgar o seu neg\u00f3cio na sua regi\u00e3o Acesse &gt;\u00a0http:\/\/www.bom-negocio.com\/sp-r782525<\/p>\n","protected":false},"author":1,"featured_media":0,"parent":0,"menu_order":0,"comment_status":"closed","ping_status":"closed","template":"","meta":{"footnotes":""},"class_list":["post-5540","page","type-page","status-publish","hentry"],"yoast_head":"<!-- This site is optimized with the Yoast SEO plugin v26.4 - https:\/\/yoast.com\/wordpress\/plugins\/seo\/ -->\n<title>Classificados - Encontra Avenida Paulista<\/title>\n<meta name=\"robots\" content=\"index, follow, max-snippet:-1, max-image-preview:large, max-video-preview:-1\" \/>\n<link rel=\"canonical\" href=\"https:\/\/www.encontrabelavista.com.br\/avenida-paulista\/classificados\/\" \/>\n<meta property=\"og:locale\" content=\"pt_BR\" \/>\n<meta property=\"og:type\" content=\"article\" \/>\n<meta property=\"og:title\" content=\"Classificados - Encontra Avenida Paulista\" \/>\n<meta property=\"og:description\" content=\"Classificados\u00a0Avenida Paulista O\u00a0EncontraAvenidaPaulista\u00a0acaba de lan\u00e7ar mais uma grande novidade para voc\u00ea, morador da cidade: o\u00a0Classificados Avenida Paulista. Diversas op\u00e7\u00f5es de categorias para divulga\u00e7\u00e3o gratuita de produtos novos, seminovos, usados, servi\u00e7os, im\u00f3veis, eventos, empregos e muito mais. Vantagens do site Classificados Avenida Paulista: Simples, gratuito e f\u00e1cil; comprar, vender, alugar ou ofertar O seu an\u00fancio \u00e9 exibido diretamente para os\u00a0moradores da regi\u00e3o Venda mais: oportunidade de divulgar o seu neg\u00f3cio na sua regi\u00e3o Acesse &gt;\u00a0http:\/\/www.bom-negocio.com\/sp-r782525\" \/>\n<meta property=\"og:url\" content=\"https:\/\/www.encontrabelavista.com.br\/avenida-paulista\/classificados\/\" \/>\n<meta property=\"og:site_name\" content=\"Encontra Avenida Paulista\" \/>\n<meta property=\"article:modified_time\" content=\"2017-11-06T03:23:00+00:00\" \/>\n<meta property=\"og:image\" content=\"https:\/\/c1.staticflickr.com\/3\/2851\/33837099106_57de819689_o.gif\" \/>\n<meta name=\"twitter:card\" content=\"summary_large_image\" \/>\n<script type=\"application\/ld+json\" class=\"yoast-schema-graph\">{\"@context\":\"https:\/\/schema.org\",\"@graph\":[{\"@type\":\"WebPage\",\"@id\":\"https:\/\/www.encontrabelavista.com.br\/avenida-paulista\/classificados\/\",\"url\":\"https:\/\/www.encontrabelavista.com.br\/avenida-paulista\/classificados\/\",\"name\":\"Classificados - Encontra Avenida Paulista\",\"isPartOf\":{\"@id\":\"https:\/\/www.encontrabelavista.com.br\/avenida-paulista\/#website\"},\"primaryImageOfPage\":{\"@id\":\"https:\/\/www.encontrabelavista.com.br\/avenida-paulista\/classificados\/#primaryimage\"},\"image\":{\"@id\":\"https:\/\/www.encontrabelavista.com.br\/avenida-paulista\/classificados\/#primaryimage\"},\"thumbnailUrl\":\"https:\/\/c1.staticflickr.com\/3\/2851\/33837099106_57de819689_o.gif\",\"datePublished\":\"2017-04-26T17:55:35+00:00\",\"dateModified\":\"2017-11-06T03:23:00+00:00\",\"breadcrumb\":{\"@id\":\"https:\/\/www.encontrabelavista.com.br\/avenida-paulista\/classificados\/#breadcrumb\"},\"inLanguage\":\"pt-BR\",\"potentialAction\":[{\"@type\":\"ReadAction\",\"target\":[\"https:\/\/www.encontrabelavista.com.br\/avenida-paulista\/classificados\/\"]}]},{\"@type\":\"ImageObject\",\"inLanguage\":\"pt-BR\",\"@id\":\"https:\/\/www.encontrabelavista.com.br\/avenida-paulista\/classificados\/#primaryimage\",\"url\":\"https:\/\/c1.staticflickr.com\/3\/2851\/33837099106_57de819689_o.gif\",\"contentUrl\":\"https:\/\/c1.staticflickr.com\/3\/2851\/33837099106_57de819689_o.gif\"},{\"@type\":\"BreadcrumbList\",\"@id\":\"https:\/\/www.encontrabelavista.com.br\/avenida-paulista\/classificados\/#breadcrumb\",\"itemListElement\":[{\"@type\":\"ListItem\",\"position\":1,\"name\":\"In\u00edcio\",\"item\":\"https:\/\/www.encontrabelavista.com.br\/avenida-paulista\/\"},{\"@type\":\"ListItem\",\"position\":2,\"name\":\"Classificados\"}]},{\"@type\":\"WebSite\",\"@id\":\"https:\/\/www.encontrabelavista.com.br\/avenida-paulista\/#website\",\"url\":\"https:\/\/www.encontrabelavista.com.br\/avenida-paulista\/\",\"name\":\"Encontra Avenida Paulista\",\"description\":\"ENCONTRA AVENIDA PAULISTA - O guia comercial de neg\u00f3cios e empresas, cultura e divers\u00e3o na Avenida Paulista. Feito 100% para voc\u00ea morador!\",\"potentialAction\":[{\"@type\":\"SearchAction\",\"target\":{\"@type\":\"EntryPoint\",\"urlTemplate\":\"https:\/\/www.encontrabelavista.com.br\/avenida-paulista\/?s={search_term_string}\"},\"query-input\":{\"@type\":\"PropertyValueSpecification\",\"valueRequired\":true,\"valueName\":\"search_term_string\"}}],\"inLanguage\":\"pt-BR\"}]}<\/script>\n<!-- \/ Yoast SEO plugin. -->","yoast_head_json":{"title":"Classificados - Encontra Avenida Paulista","robots":{"index":"index","follow":"follow","max-snippet":"max-snippet:-1","max-image-preview":"max-image-preview:large","max-video-preview":"max-video-preview:-1"},"canonical":"https:\/\/www.encontrabelavista.com.br\/avenida-paulista\/classificados\/","og_locale":"pt_BR","og_type":"article","og_title":"Classificados - Encontra Avenida Paulista","og_description":"Classificados\u00a0Avenida Paulista O\u00a0EncontraAvenidaPaulista\u00a0acaba de lan\u00e7ar mais uma grande novidade para voc\u00ea, morador da cidade: o\u00a0Classificados Avenida Paulista. Diversas op\u00e7\u00f5es de categorias para divulga\u00e7\u00e3o gratuita de produtos novos, seminovos, usados, servi\u00e7os, im\u00f3veis, eventos, empregos e muito mais. Vantagens do site Classificados Avenida Paulista: Simples, gratuito e f\u00e1cil; comprar, vender, alugar ou ofertar O seu an\u00fancio \u00e9 exibido diretamente para os\u00a0moradores da regi\u00e3o Venda mais: oportunidade de divulgar o seu neg\u00f3cio na sua regi\u00e3o Acesse &gt;\u00a0http:\/\/www.bom-negocio.com\/sp-r782525","og_url":"https:\/\/www.encontrabelavista.com.br\/avenida-paulista\/classificados\/","og_site_name":"Encontra Avenida Paulista","article_modified_time":"2017-11-06T03:23:00+00:00","og_image":[{"url":"https:\/\/c1.staticflickr.com\/3\/2851\/33837099106_57de819689_o.gif","type":"","width":"","height":""}],"twitter_card":"summary_large_image","schema":{"@context":"https:\/\/schema.org","@graph":[{"@type":"WebPage","@id":"https:\/\/www.encontrabelavista.com.br\/avenida-paulista\/classificados\/","url":"https:\/\/www.encontrabelavista.com.br\/avenida-paulista\/classificados\/","name":"Classificados - Encontra Avenida Paulista","isPartOf":{"@id":"https:\/\/www.encontrabelavista.com.br\/avenida-paulista\/#website"},"primaryImageOfPage":{"@id":"https:\/\/www.encontrabelavista.com.br\/avenida-paulista\/classificados\/#primaryimage"},"image":{"@id":"https:\/\/www.encontrabelavista.com.br\/avenida-paulista\/classificados\/#primaryimage"},"thumbnailUrl":"https:\/\/c1.staticflickr.com\/3\/2851\/33837099106_57de819689_o.gif","datePublished":"2017-04-26T17:55:35+00:00","dateModified":"2017-11-06T03:23:00+00:00","breadcrumb":{"@id":"https:\/\/www.encontrabelavista.com.br\/avenida-paulista\/classificados\/#breadcrumb"},"inLanguage":"pt-BR","potentialAction":[{"@type":"ReadAction","target":["https:\/\/www.encontrabelavista.com.br\/avenida-paulista\/classificados\/"]}]},{"@type":"ImageObject","inLanguage":"pt-BR","@id":"https:\/\/www.encontrabelavista.com.br\/avenida-paulista\/classificados\/#primaryimage","url":"https:\/\/c1.staticflickr.com\/3\/2851\/33837099106_57de819689_o.gif","contentUrl":"https:\/\/c1.staticflickr.com\/3\/2851\/33837099106_57de819689_o.gif"},{"@type":"BreadcrumbList","@id":"https:\/\/www.encontrabelavista.com.br\/avenida-paulista\/classificados\/#breadcrumb","itemListElement":[{"@type":"ListItem","position":1,"name":"In\u00edcio","item":"https:\/\/www.encontrabelavista.com.br\/avenida-paulista\/"},{"@type":"ListItem","position":2,"name":"Classificados"}]},{"@type":"WebSite","@id":"https:\/\/www.encontrabelavista.com.br\/avenida-paulista\/#website","url":"https:\/\/www.encontrabelavista.com.br\/avenida-paulista\/","name":"Encontra Avenida Paulista","description":"ENCONTRA AVENIDA PAULISTA - O guia comercial de neg\u00f3cios e empresas, cultura e divers\u00e3o na Avenida Paulista. Feito 100% para voc\u00ea morador!","potentialAction":[{"@type":"SearchAction","target":{"@type":"EntryPoint","urlTemplate":"https:\/\/www.encontrabelavista.com.br\/avenida-paulista\/?s={search_term_string}"},"query-input":{"@type":"PropertyValueSpecification","valueRequired":true,"valueName":"search_term_string"}}],"inLanguage":"pt-BR"}]}},"_links":{"self":[{"href":"https:\/\/www.encontrabelavista.com.br\/avenida-paulista\/wp-json\/wp\/v2\/pages\/5540","targetHints":{"allow":["GET"]}}],"collection":[{"href":"https:\/\/www.encontrabelavista.com.br\/avenida-paulista\/wp-json\/wp\/v2\/pages"}],"about":[{"href":"https:\/\/www.encontrabelavista.com.br\/avenida-paulista\/wp-json\/wp\/v2\/types\/page"}],"author":[{"embeddable":true,"href":"https:\/\/www.encontrabelavista.com.br\/avenida-paulista\/wp-json\/wp\/v2\/users\/1"}],"replies":[{"embeddable":true,"href":"https:\/\/www.encontrabelavista.com.br\/avenida-paulista\/wp-json\/wp\/v2\/comments?post=5540"}],"version-history":[{"count":0,"href":"https:\/\/www.encontrabelavista.com.br\/avenida-paulista\/wp-json\/wp\/v2\/pages\/5540\/revisions"}],"wp:attachment":[{"href":"https:\/\/www.encontrabelavista.com.br\/avenida-paulista\/wp-json\/wp\/v2\/media?parent=5540"}],"curies":[{"name":"wp","href":"https:\/\/api.w.org\/{rel}","templated":true}]}}