{"id":2227,"date":"2017-06-02T16:56:55","date_gmt":"2017-06-02T19:56:55","guid":{"rendered":"http:\/\/www.encontrabelavista.com.br\/noticias\/?page_id=2227"},"modified":"2025-10-03T10:12:50","modified_gmt":"2025-10-03T13:12:50","slug":"sobre-a-bela-vista","status":"publish","type":"page","link":"https:\/\/www.encontrabelavista.com.br\/sobre\/","title":{"rendered":"Sobre a Bela Vista"},"content":{"rendered":"<div class=\"66f7afe30d5ab11a5499ffbde64f8398\" data-index=\"1\" style=\"float: none; margin:0px;\">\n<!-- Anuncio display - global -->\r\n<ins class=\"adsbygoogle\"\r\n     style=\"display:block\"\r\n     data-ad-client=\"ca-pub-8585364105181520\"\r\n     data-ad-slot=\"8789329856\"\r\n     data-ad-format=\"auto\"\r\n     data-full-width-responsive=\"true\"><\/ins>\r\n<script>\r\n     (adsbygoogle = window.adsbygoogle || []).push({});\r\n<\/script>\r\n\n<\/div>\n<p><img decoding=\"async\" class=\"alignnone wp-image-2228 size-full\" src=\"https:\/\/www.encontrabelavista.com.br\/sobre\/wp-content\/uploads\/bairro-bela-vista.jpg\" alt=\"\" width=\"100%\" srcset=\"https:\/\/www.encontrabelavista.com.br\/sobre\/wp-content\/uploads\/bairro-bela-vista.jpg 565w, https:\/\/www.encontrabelavista.com.br\/sobre\/wp-content\/uploads\/bairro-bela-vista-300x105.jpg 300w\" sizes=\"(max-width: 565px) 100vw, 565px\" \/><\/p>\n<p>Caminhando para o final do s\u00e9culo 19, S\u00e3o Paulo deixava para tr\u00e1s o seu status de prov\u00edncia. Os servi\u00e7os de g\u00e1s iriam substituir as l\u00e2mpadas a \u00f3leo existentes, a expans\u00e3o da cultura cafeeira fez com que o porto de Santos exigisse uma ferrovia que ligasse Santos ao interior paulista que foi constru\u00edda pelos ingleses e escoceses, em 1867, a abertura do Curso de Direito de Faculdade S\u00e3o Francisco, que foi, juntamente, com a de Olinda, a primeira universidade brasileira, e, sobretudo, o clima, atra\u00edam os brasileiros de outros estados e os estrangeiros. Vinham, em sua maioria, como trabalhadores, uma vez que alguns pa\u00edses da Europa, ent\u00e3o pobres, n\u00e3o pareciam prometer futuro algum. Aqui se instalavam tanto na capital quanto no interior do Estado. J\u00e1 os brasileiros de outros estados, e do interior, vinham em busca de estudo para os filhos.<\/p>\n<p><img decoding=\"async\" class=\"alignnone wp-image-2233 size-full\" src=\"https:\/\/www.encontrabelavista.com.br\/sobre\/wp-content\/uploads\/avenida-paulista-colorida.jpg\" alt=\"\" width=\"100%\" srcset=\"https:\/\/www.encontrabelavista.com.br\/sobre\/wp-content\/uploads\/avenida-paulista-colorida.jpg 565w, https:\/\/www.encontrabelavista.com.br\/sobre\/wp-content\/uploads\/avenida-paulista-colorida-300x225.jpg 300w\" sizes=\"(max-width: 565px) 100vw, 565px\" \/><\/p>\n<p>Os engenheiros respons\u00e1veis pela constru\u00e7\u00e3o da Estrada de Ferro Santos-Jundia\u00ed, a ent\u00e3o S\u00e3o Paulo Railway, pediram aos monges beneditinos para usar parte do terreno do Mosteiro de S\u00e3o Bento, para ali construir um campo de golfe, no que foram atendidos. S\u00f3 que a cidade se expandia em dire\u00e7\u00e3o ao rio Tiet\u00ea, e isso obrigou a transfer\u00eancia do campo para um outro local. Ent\u00e3o, em 1901, l\u00e1 se foi o campo para uma \u00e1rea pr\u00f3xima \u00e0 conflu\u00eancia das avenidas Paulista e Brigadeiro Luis Antonio. Esse local era o Morro dos Ingleses, cuja denomina\u00e7\u00e3o permanece at\u00e9 hoje.<\/p>\n<p>J\u00e1 os escravos libertos, que outrora se escondiam pelos arredores do triangulo central da cidade, tamb\u00e9m come\u00e7aram a se estabelecer no que \u00e9 hoje \u00e9 o Bairro <a href=\"\/\">Bela Vista<\/a> (nome devido claro as belas vis\u00f5es do bairro). A economia paulistana j\u00e1 se mostrava a c\u00e9u aberto: o com\u00e9rcio, e a ind\u00fastria. E tamb\u00e9m a chamada economia subterr\u00e2nea: os ambulantes, os carroceiros, os amoladores de facas, os vendedores de leite de cabra, de doces, e toda sorte de com\u00e9rcio que se propagava paralelamente ao que poderia ser chamado de oficial. O transporte, por exemplo, dependia muito dos carroceiros.<\/p>\n<p><strong>Bairro Bela Vista Hoje<\/strong><\/p>\n<p>A <a href=\"\/\">Bela Vista<\/a> \u00e9 um distrito situado na regi\u00e3o central da cidade de S\u00e3o Paulo, que abrange os bairros do Morro dos Ingleses, Bixiga (n\u00e3o oficial) e Vila Helena.,<\/p>\n<p><img decoding=\"async\" class=\"alignnone wp-image-2230 size-full\" src=\"https:\/\/www.encontrabelavista.com.br\/sobre\/wp-content\/uploads\/masp-panoramica-na-bela-vista.jpg\" alt=\"\" width=\"100%\" srcset=\"https:\/\/www.encontrabelavista.com.br\/sobre\/wp-content\/uploads\/masp-panoramica-na-bela-vista.jpg 565w, https:\/\/www.encontrabelavista.com.br\/sobre\/wp-content\/uploads\/masp-panoramica-na-bela-vista-300x244.jpg 300w\" sizes=\"(max-width: 565px) 100vw, 565px\" \/><\/p>\n<p>Dentro de seus limites est\u00e3o localizadas algumas das mais importantes atra\u00e7\u00f5es paulistanas \u2013 como o lend\u00e1rio bairro do Bixiga, com suas cantinas, teatros e festas populares e o Museu de Arte de S\u00e3o Paulo. Abriga tamb\u00e9m a Escola de Administra\u00e7\u00e3o de Empresas de S\u00e3o Paulo da Funda\u00e7\u00e3o Getulio Vargas, refer\u00eancia no ensino de administra\u00e7\u00e3o de empresas no Brasil.<\/p>\n<p>O distrito \u00e9 atendido pela linha linha 2 (linha verde) do metr\u00f4. O romance Anarquistas Gra\u00e7as a Deus de Z\u00e9lia Gattai se passa no bairro assim como parte do enredo de um popular livro infanto-juvenil intitulado O Mist\u00e9rio do Cinco Estrelas.<\/p>\n<p>A <a href=\"\/\">Bela Vista<\/a> apresenta um grande contraste social, tendo fam\u00edlias de classe m\u00e9dia alta no Morro dos Ingleses, nas proximidades da Avenida Paulista, e fam\u00edlias mais pobres na regi\u00e3o chamada de Bixiga.<\/p>\n<p>Para homenagear a comunidade de moradores deste maravilho bairro, o <a href=\"https:\/\/www.encontrasaopaulo.com.br\/\" target=\"_blank\" rel=\"noopener noreferrer\">Encontra S\u00e3o Paulo<\/a> criou o <a href=\"https:\/\/www.encontrabelavista.com.br\/\">Encontra Bela Vista<\/a> na cidade de S\u00e3o Paulo.<\/p>\n<h2>Limites &#8211; Bairros Vizinhos &#8211; <a href=\"https:\/\/www.centrodesp.com.br\/\" target=\"_blank\" rel=\"noopener noreferrer\">Centro<\/a><\/h2>\n<p><a title=\"Rua Oscar Freire\" href=\"https:\/\/www.encontrajardins.com.br\/rua-oscar-freire\/\" target=\"_blank\" rel=\"noopener noreferrer\">Rua Oscar Freire<\/a>, <a title=\"Avenida Paulista\" href=\"https:\/\/www.encontraavenidapaulista.com.br\/\" target=\"_blank\" rel=\"noopener noreferrer\">Avenida Paulista <\/a>, <a title=\"Rua Augusta\" href=\"https:\/\/www.encontraruaaugusta.com.br\/\" target=\"_blank\" rel=\"noopener noreferrer\">Rua Augusta<\/a>,<a title=\"Rep\u00fablica\" href=\"https:\/\/www.encontrasp.com.br\/republica\" target=\"_blank\" rel=\"noopener noreferrer\"> Rep\u00fablica<\/a>, <a title=\"Liberdade\" href=\"https:\/\/www.liberdade.encontrasp.com.br\/\" target=\"_blank\" rel=\"noopener noreferrer\">Liberdade<\/a>, <a title=\"Vila Mariana\" href=\"https:\/\/www.encontravilamariana.com.br\/\" target=\"_blank\" rel=\"noopener noreferrer\">Vila Mariana<\/a>, <a title=\"Jardim Paulista\" href=\"https:\/\/www.encontrajardins.com.br\/\" target=\"_blank\" rel=\"noopener noreferrer\">Jardim Paulista<\/a>, <a title=\"Consola\u00e7\u00e3o\" href=\"https:\/\/www.encontraconsolacao.com.br\/\" target=\"_blank\" rel=\"noopener noreferrer\">Consola\u00e7\u00e3o<\/a><\/p>\n<h4>Dados Principais sobre a Bela Vista<\/h4>\n<p><strong>Popula\u00e7\u00e3o<\/strong> 57.204 hab. (2000)<br \/>\n<strong>Renda m\u00e9dia<\/strong> R$ 2.435,70<br \/>\n<strong>IDH<\/strong> 0,940 &#8211; elevado<br \/>\n<strong>Subprefeitura<\/strong> S\u00e9<br \/>\n<strong>Regi\u00e3o Administrativa<\/strong> Centro<br \/>\n<strong>\u00c1rea Geogr\u00e1fica<\/strong> Centro Expandido<\/p>\n<h3>Moradores ilustres da Bela Vista<\/h3>\n<p><iframe loading=\"lazy\" style=\"border: none; overflow: hidden; width: 300px; height: 252px;\" src=\"https:\/\/www.facebook.com\/plugins\/likebox.php?href=http%3A%2F%2Fwww.facebook.com%2Fbairrobelavista&amp;width=300&amp;colorscheme=light&amp;show_faces=true&amp;stream=false&amp;header=false&amp;height=252\" width=\"300\" height=\"150\" frameborder=\"0\" scrolling=\"No\"><\/iframe><\/p>\n\n<div style=\"font-size: 0px; height: 0px; line-height: 0px; margin: 0; padding: 0; clear: both;\"><\/div>","protected":false},"excerpt":{"rendered":"<p>Caminhando para o final do s\u00e9culo 19, S\u00e3o Paulo deixava para tr\u00e1s o seu status de prov\u00edncia. Os servi\u00e7os de g\u00e1s iriam substituir as l\u00e2mpadas a \u00f3leo existentes, a expans\u00e3o da cultura cafeeira fez com que o porto de Santos exigisse uma ferrovia que ligasse Santos ao interior paulista que foi constru\u00edda pelos ingleses e escoceses, em 1867, a abertura do Curso de Direito de Faculdade S\u00e3o Francisco, que foi, juntamente, com a de Olinda, a primeira universidade brasileira, e, sobretudo, o clima, atra\u00edam os brasileiros de outros estados e os estrangeiros. Vinham, em sua maioria, como trabalhadores, uma vez <\/p>\n","protected":false},"author":1,"featured_media":0,"parent":0,"menu_order":0,"comment_status":"closed","ping_status":"closed","template":"","meta":{"footnotes":""},"class_list":["post-2227","page","type-page","status-publish","hentry"],"aioseo_notices":[],"_links":{"self":[{"href":"https:\/\/www.encontrabelavista.com.br\/sobre\/wp-json\/wp\/v2\/pages\/2227","targetHints":{"allow":["GET"]}}],"collection":[{"href":"https:\/\/www.encontrabelavista.com.br\/sobre\/wp-json\/wp\/v2\/pages"}],"about":[{"href":"https:\/\/www.encontrabelavista.com.br\/sobre\/wp-json\/wp\/v2\/types\/page"}],"author":[{"embeddable":true,"href":"https:\/\/www.encontrabelavista.com.br\/sobre\/wp-json\/wp\/v2\/users\/1"}],"replies":[{"embeddable":true,"href":"https:\/\/www.encontrabelavista.com.br\/sobre\/wp-json\/wp\/v2\/comments?post=2227"}],"version-history":[{"count":0,"href":"https:\/\/www.encontrabelavista.com.br\/sobre\/wp-json\/wp\/v2\/pages\/2227\/revisions"}],"wp:attachment":[{"href":"https:\/\/www.encontrabelavista.com.br\/sobre\/wp-json\/wp\/v2\/media?parent=2227"}],"curies":[{"name":"wp","href":"https:\/\/api.w.org\/{rel}","templated":true}]}}